
{"id":5860,"date":"2022-12-27T09:55:26","date_gmt":"2022-12-27T14:55:26","guid":{"rendered":"https:\/\/halodentisterie.fabricator.plogg.in\/dentisterie-generale\/"},"modified":"2023-03-13T15:16:27","modified_gmt":"2023-03-13T20:16:27","slug":"general-dentistry","status":"publish","type":"page","link":"https:\/\/halodentisterie.com\/en\/general-dentistry\/","title":{"rendered":"General dentistry"},"content":{"rendered":"\n<section   class=\"o-block animated\" data-animation=\"fadeInUp\">\n    <div class=\"c-media-text o-container\">\n        <div class=\"c-media-text_inner relative-media\">\n            \n             \n                <div class=\"c-media-text_media\">\n                    <img decoding=\"async\" class=\"c-media-text_image\"\n                        src=\"https:\/\/halodentisterie.com\/wp-content\/uploads\/2023\/03\/dentisterie-general-laval.jpg\"\n                                                alt=\"Dentisterie g\u00e9n\u00e9rale \u00e0 Laval\">\n                <\/div>\n            \n            <div class=\"c-media-text_content\">\n                <h2>Our services<\/h2>\n<p><strong>We offer a comprehensive range of treatments for children and adults, such as:<\/strong><\/p>\n<ul>\n<li>Preventive examination with a radiological check-up to detect cavities and any abnormalities and suspicious lesions.<\/li>\n<li>To clean teeth to remove tartar and prevent gum disease.<\/li>\n<li>Treatment of teeth and replacement of defective fillings. We use composite materials that restore the natural appearance of teeth.<\/li>\n<li>Sealants, to protect teeth susceptible to decay.<\/li>\n<li>Wisdom tooth surgery.<\/li>\n<\/ul>\n\n            <\/div>\n        <\/div>\n    <\/div>\n<\/section>","protected":false},"excerpt":{"rendered":"","protected":false},"author":1,"featured_media":0,"parent":0,"menu_order":0,"comment_status":"closed","ping_status":"closed","template":"","meta":{"_acf_changed":false,"footnotes":""},"page-category":[],"class_list":["post-5860","page","type-page","status-publish","hentry"],"acf":[],"yoast_head":"<!-- This site is optimized with the Yoast SEO Premium plugin v25.1 (Yoast SEO v26.6) - https:\/\/yoast.com\/wordpress\/plugins\/seo\/ -->\n<title>General Dentistry - Halo Dentistry<\/title>\n<meta name=\"description\" content=\"General dentistry. We offer a full range of treatments for children and adults, such as - Preventive examination with X-ray check-up to detect cavities and any abnormalities and suspicious lesions. - Tooth cleaning to remove tartar and prevent gum disease. - Treatment of teeth and replacement of defective fillings. We use composite materials that restore teeth to their original condition.\" \/>\n<meta name=\"robots\" content=\"index, follow, max-snippet:-1, max-image-preview:large, max-video-preview:-1\" \/>\n<link rel=\"canonical\" href=\"https:\/\/halodentisterie.com\/en\/general-dentistry\/\" \/>\n<meta property=\"og:locale\" content=\"en_US\" \/>\n<meta property=\"og:type\" content=\"article\" \/>\n<meta property=\"og:title\" content=\"General dentistry\" \/>\n<meta property=\"og:url\" content=\"https:\/\/halodentisterie.com\/en\/general-dentistry\/\" \/>\n<meta property=\"og:site_name\" content=\"Halo Dentisterie\" \/>\n<meta property=\"article:modified_time\" content=\"2023-03-13T20:16:27+00:00\" \/>\n<meta name=\"twitter:card\" content=\"summary_large_image\" \/>\n<script type=\"application\/ld+json\" class=\"yoast-schema-graph\">{\"@context\":\"https:\/\/schema.org\",\"@graph\":[{\"@type\":\"WebPage\",\"@id\":\"https:\/\/halodentisterie.com\/en\/general-dentistry\/\",\"url\":\"https:\/\/halodentisterie.com\/en\/general-dentistry\/\",\"name\":\"General Dentistry - Halo Dentistry\",\"isPartOf\":{\"@id\":\"https:\/\/halodentisterie.com\/en\/#website\"},\"datePublished\":\"2022-12-27T14:55:26+00:00\",\"dateModified\":\"2023-03-13T20:16:27+00:00\",\"description\":\"General dentistry. We offer a full range of treatments for children and adults, such as - Preventive examination with X-ray check-up to detect cavities and any abnormalities and suspicious lesions. - Tooth cleaning to remove tartar and prevent gum disease. - Treatment of teeth and replacement of defective fillings. We use composite materials that restore teeth to their original condition.\",\"inLanguage\":\"en-US\",\"potentialAction\":[{\"@type\":\"ReadAction\",\"target\":[\"https:\/\/halodentisterie.com\/en\/general-dentistry\/\"]}]},{\"@type\":\"WebSite\",\"@id\":\"https:\/\/halodentisterie.com\/en\/#website\",\"url\":\"https:\/\/halodentisterie.com\/en\/\",\"name\":\"Halo Dentisterie\",\"description\":\"\",\"potentialAction\":[{\"@type\":\"SearchAction\",\"target\":{\"@type\":\"EntryPoint\",\"urlTemplate\":\"https:\/\/halodentisterie.com\/en\/?s={search_term_string}\"},\"query-input\":{\"@type\":\"PropertyValueSpecification\",\"valueRequired\":true,\"valueName\":\"search_term_string\"}}],\"inLanguage\":\"en-US\"}]}<\/script>\n<!-- \/ Yoast SEO Premium plugin. -->","yoast_head_json":{"title":"General Dentistry - Halo Dentistry","description":"General dentistry. We offer a full range of treatments for children and adults, such as - Preventive examination with X-ray check-up to detect cavities and any abnormalities and suspicious lesions. - Tooth cleaning to remove tartar and prevent gum disease. - Treatment of teeth and replacement of defective fillings. We use composite materials that restore teeth to their original condition.","robots":{"index":"index","follow":"follow","max-snippet":"max-snippet:-1","max-image-preview":"max-image-preview:large","max-video-preview":"max-video-preview:-1"},"canonical":"https:\/\/halodentisterie.com\/en\/general-dentistry\/","og_locale":"en_US","og_type":"article","og_title":"General dentistry","og_url":"https:\/\/halodentisterie.com\/en\/general-dentistry\/","og_site_name":"Halo Dentisterie","article_modified_time":"2023-03-13T20:16:27+00:00","twitter_card":"summary_large_image","schema":{"@context":"https:\/\/schema.org","@graph":[{"@type":"WebPage","@id":"https:\/\/halodentisterie.com\/en\/general-dentistry\/","url":"https:\/\/halodentisterie.com\/en\/general-dentistry\/","name":"General Dentistry - Halo Dentistry","isPartOf":{"@id":"https:\/\/halodentisterie.com\/en\/#website"},"datePublished":"2022-12-27T14:55:26+00:00","dateModified":"2023-03-13T20:16:27+00:00","description":"General dentistry. We offer a full range of treatments for children and adults, such as - Preventive examination with X-ray check-up to detect cavities and any abnormalities and suspicious lesions. - Tooth cleaning to remove tartar and prevent gum disease. - Treatment of teeth and replacement of defective fillings. We use composite materials that restore teeth to their original condition.","inLanguage":"en-US","potentialAction":[{"@type":"ReadAction","target":["https:\/\/halodentisterie.com\/en\/general-dentistry\/"]}]},{"@type":"WebSite","@id":"https:\/\/halodentisterie.com\/en\/#website","url":"https:\/\/halodentisterie.com\/en\/","name":"Halo Dentisterie","description":"","potentialAction":[{"@type":"SearchAction","target":{"@type":"EntryPoint","urlTemplate":"https:\/\/halodentisterie.com\/en\/?s={search_term_string}"},"query-input":{"@type":"PropertyValueSpecification","valueRequired":true,"valueName":"search_term_string"}}],"inLanguage":"en-US"}]}},"_links":{"self":[{"href":"https:\/\/halodentisterie.com\/en\/wp-json\/wp\/v2\/pages\/5860","targetHints":{"allow":["GET"]}}],"collection":[{"href":"https:\/\/halodentisterie.com\/en\/wp-json\/wp\/v2\/pages"}],"about":[{"href":"https:\/\/halodentisterie.com\/en\/wp-json\/wp\/v2\/types\/page"}],"author":[{"embeddable":true,"href":"https:\/\/halodentisterie.com\/en\/wp-json\/wp\/v2\/users\/1"}],"replies":[{"embeddable":true,"href":"https:\/\/halodentisterie.com\/en\/wp-json\/wp\/v2\/comments?post=5860"}],"version-history":[{"count":8,"href":"https:\/\/halodentisterie.com\/en\/wp-json\/wp\/v2\/pages\/5860\/revisions"}],"predecessor-version":[{"id":7485,"href":"https:\/\/halodentisterie.com\/en\/wp-json\/wp\/v2\/pages\/5860\/revisions\/7485"}],"wp:attachment":[{"href":"https:\/\/halodentisterie.com\/en\/wp-json\/wp\/v2\/media?parent=5860"}],"wp:term":[{"taxonomy":"page-category","embeddable":true,"href":"https:\/\/halodentisterie.com\/en\/wp-json\/wp\/v2\/page-category?post=5860"}],"curies":[{"name":"wp","href":"https:\/\/api.w.org\/{rel}","templated":true}]}}