
{"id":5848,"date":"2022-12-27T11:32:14","date_gmt":"2022-12-27T16:32:14","guid":{"rendered":"https:\/\/halodentisterie.fabricator.plogg.in\/apres-lextraction-dune-dent\/"},"modified":"2023-03-13T11:58:01","modified_gmt":"2023-03-13T16:58:01","slug":"after-a-tooth-extraction","status":"publish","type":"page","link":"https:\/\/halodentisterie.com\/en\/after-a-tooth-extraction\/","title":{"rendered":"After a tooth extraction"},"content":{"rendered":"\n<section   class=\"o-block animated\" data-animation=\"fadeInUp\">\n    <div class=\"c-text o-container\">\n        <div class=\"c-text_inner\">\n            \n                            <div class=\"c-text_content w-100\">\n                <h2>Steps to follow<\/h2>\n<p>To speed up the healing process, please follow the steps suggested below. Please keep in mind, however, that it is quite normal to feel some discomfort from a swollen lower face after a tooth extraction.<\/p>\n\n            <\/div>\n                    <\/div>\n    <\/div>\n<\/section>\n\n\n<section   class=\"o-block animated\" data-animation=\"fadeInUp\">\n    <div class=\"c-media-text o-container\">\n        <div class=\"c-media-text_inner relative-media\">\n            \n             \n                <div class=\"c-media-text_media\">\n                    <img decoding=\"async\" class=\"c-media-text_image\"\n                        src=\"https:\/\/halodentisterie.com\/wp-content\/uploads\/2023\/03\/after-a-tooth-extraction.jpeg\"\n                                                alt=\"After a tooth extraction\">\n                <\/div>\n            \n            <div class=\"c-media-text_content\">\n                <h2>Day of surgery<\/h2>\n<ul>\n<li>Keep the pads in the mouth for 15 to 20 minutes, while maintaining firm pressure, and replace them every half hour as needed.<\/li>\n<li>Keep the head in an upright position at all times.<\/li>\n<li>Apply ice to the cheek at regular intervals (20 minutes of cold per hour).<\/li>\n<li>If bleeding occurs, use a lightly moistened gauze or tea bag and bite down for about 20 minutes.<\/li>\n<li>Many patients have blood flow and notice a reddish colour in their saliva.<\/li>\n<li>Limit physical effort.<\/li>\n<\/ul>\n\n            <\/div>\n        <\/div>\n    <\/div>\n<\/section>\n\n\n<section   class=\"o-block animated\" data-animation=\"fadeInUp\">\n    <div class=\"c-media-text o-container\">\n        <div class=\"c-media-text_inner relative-media\">\n            \n             \n                <div class=\"c-media-text_media\">\n                    <img decoding=\"async\" class=\"c-media-text_image\"\n                        src=\"https:\/\/halodentisterie.com\/wp-content\/uploads\/2022\/12\/cigarette-e1672340493802.jpg\"\n                                                alt=\"cigarette\">\n                <\/div>\n            \n            <div class=\"c-media-text_content\">\n                <h2>To be avoided<\/h2>\n<ul>\n<li>Remove the blood clot as it serves to optimise healing.<\/li>\n<li>Eat before the bleeding stops.<\/li>\n<li>Drink through a straw.<\/li>\n<li>Rinse your mouth or spit.<\/li>\n<li>Smoking or drinking alcohol.<\/li>\n<li>Eating food that is difficult to chew.<\/li>\n<\/ul>\n\n            <\/div>\n        <\/div>\n    <\/div>\n<\/section>\n\n\n<section   class=\"o-block animated\" data-animation=\"fadeInUp\">\n    <div class=\"c-media-text o-container\">\n        <div class=\"c-media-text_inner relative-media\">\n            \n             \n                <div class=\"c-media-text_media\">\n                    <img decoding=\"async\" class=\"c-media-text_image\"\n                        src=\"https:\/\/halodentisterie.com\/wp-content\/uploads\/2023\/03\/mal-dents.jpg\"\n                                                alt=\"Treatment for the specified number of day\">\n                <\/div>\n            \n            <div class=\"c-media-text_content\">\n                <h2>Pain<\/h2>\n<p>Take the medication prescribed to you, if necessary. Take the antibiotics you have been given for this treatment for the specified number of days, even if you have no symptoms.<\/p>\n<p>&nbsp;<\/p>\n<h2>Suggested power supply<\/h2>\n<p>On the day of the extraction, eat only soft foods or warm beverages. When you feel better, you can resume eating normally.<\/p>\n\n            <\/div>\n        <\/div>\n    <\/div>\n<\/section>\n\n\n<section   class=\"o-block animated\" data-animation=\"fadeInUp\">\n    <div class=\"c-media-text o-container\">\n        <div class=\"c-media-text_inner relative-media\">\n            \n             \n                <div class=\"c-media-text_media\">\n                    <img decoding=\"async\" class=\"c-media-text_image\"\n                        src=\"https:\/\/halodentisterie.com\/wp-content\/uploads\/2023\/03\/from-the-next-day-until-full-recovery.jpg\"\n                                                alt=\"From the next day until full recovery\">\n                <\/div>\n            \n            <div class=\"c-media-text_content\">\n                <h2>From the next day until full recovery<\/h2>\n<ul>\n<li>Rinse your mouth three times a day with warm water and salt (2 ml or 1\/2 teaspoon of salt in 250 ml or 1 cup of water).<\/li>\n<li>Brush and floss daily to remove plaque and promote better long-term results.<\/li>\n<li>Avoid eating hard foods (nuts, sweets, ice cubes)<\/li>\n<li>Some words may be harder to say and your saliva may be more abundant than usual. Everything will return to normal within a week.<\/li>\n<li>Bruises may appear on your face. This will disappear after five to seven days.<\/li>\n<li>Some people find it difficult to open their mouths for up to five days after the extraction.<\/li>\n<\/ul>\n\n            <\/div>\n        <\/div>\n    <\/div>\n<\/section>\n\n\n<section   class=\"o-block animated\" data-animation=\"fadeInUp\">\n    <div class=\"c-text o-container\">\n        <div class=\"c-text_inner\">\n            \n                            <div class=\"c-text_content w-100\">\n                <p style=\"text-align: center\">If after three days the pain increases instead of decreasing, do not hesitate to call us.<\/p>\n<p style=\"text-align: center\">Don&#8217;t worry, you will probably feel better after a few days and be able to resume your normal activities. In case of pain, heavy bleeding, swelling for 2-3 days or reaction to the prescribed medication, please contact us without delay at <a title=\"450-667-2211\" href=\"tel:4506672211\">450-667-2211<\/a>.<\/p>\n\n            <\/div>\n                    <\/div>\n    <\/div>\n<\/section>","protected":false},"excerpt":{"rendered":"","protected":false},"author":1,"featured_media":0,"parent":0,"menu_order":0,"comment_status":"closed","ping_status":"closed","template":"","meta":{"_acf_changed":false,"footnotes":""},"page-category":[],"class_list":["post-5848","page","type-page","status-publish","hentry"],"acf":[],"yoast_head":"<!-- This site is optimized with the Yoast SEO Premium plugin v25.1 (Yoast SEO v26.6) - https:\/\/yoast.com\/wordpress\/plugins\/seo\/ -->\n<title>After a tooth extraction - Halo dentisterie<\/title>\n<meta name=\"description\" content=\"Apr\u00e8s l\u2019extraction d\u2019une dentPour acc\u00e9l\u00e9rer le processus de gu\u00e9rison, veuillez appliquer les mesures sugg\u00e9r\u00e9es ci-dessous. Veuillez toutefois garder en m\u00e9moire qu\u2019il est tout \u00e0 fait normal de ressentir un certain inconfort d\u2019avoir le bas du visage enfl\u00e9 apr\u00e8s l\u2019extraction d\u2019une dent.Jour de la chirurgie garder les compresses en bouche pendant\" \/>\n<meta name=\"robots\" content=\"index, follow, max-snippet:-1, max-image-preview:large, max-video-preview:-1\" \/>\n<link rel=\"canonical\" href=\"https:\/\/halodentisterie.com\/en\/after-a-tooth-extraction\/\" \/>\n<meta property=\"og:locale\" content=\"en_US\" \/>\n<meta property=\"og:type\" content=\"article\" \/>\n<meta property=\"og:title\" content=\"After a tooth extraction\" \/>\n<meta property=\"og:url\" content=\"https:\/\/halodentisterie.com\/en\/after-a-tooth-extraction\/\" \/>\n<meta property=\"og:site_name\" content=\"Halo Dentisterie\" \/>\n<meta property=\"article:modified_time\" content=\"2023-03-13T16:58:01+00:00\" \/>\n<meta name=\"twitter:card\" content=\"summary_large_image\" \/>\n<script type=\"application\/ld+json\" class=\"yoast-schema-graph\">{\"@context\":\"https:\/\/schema.org\",\"@graph\":[{\"@type\":\"WebPage\",\"@id\":\"https:\/\/halodentisterie.com\/en\/after-a-tooth-extraction\/\",\"url\":\"https:\/\/halodentisterie.com\/en\/after-a-tooth-extraction\/\",\"name\":\"After a tooth extraction - Halo dentisterie\",\"isPartOf\":{\"@id\":\"https:\/\/halodentisterie.com\/en\/#website\"},\"datePublished\":\"2022-12-27T16:32:14+00:00\",\"dateModified\":\"2023-03-13T16:58:01+00:00\",\"description\":\"Apr\u00e8s l\u2019extraction d\u2019une dentPour acc\u00e9l\u00e9rer le processus de gu\u00e9rison, veuillez appliquer les mesures sugg\u00e9r\u00e9es ci-dessous. Veuillez toutefois garder en m\u00e9moire qu\u2019il est tout \u00e0 fait normal de ressentir un certain inconfort d\u2019avoir le bas du visage enfl\u00e9 apr\u00e8s l\u2019extraction d\u2019une dent.Jour de la chirurgie garder les compresses en bouche pendant\",\"inLanguage\":\"en-US\",\"potentialAction\":[{\"@type\":\"ReadAction\",\"target\":[\"https:\/\/halodentisterie.com\/en\/after-a-tooth-extraction\/\"]}]},{\"@type\":\"WebSite\",\"@id\":\"https:\/\/halodentisterie.com\/en\/#website\",\"url\":\"https:\/\/halodentisterie.com\/en\/\",\"name\":\"Halo Dentisterie\",\"description\":\"\",\"potentialAction\":[{\"@type\":\"SearchAction\",\"target\":{\"@type\":\"EntryPoint\",\"urlTemplate\":\"https:\/\/halodentisterie.com\/en\/?s={search_term_string}\"},\"query-input\":{\"@type\":\"PropertyValueSpecification\",\"valueRequired\":true,\"valueName\":\"search_term_string\"}}],\"inLanguage\":\"en-US\"}]}<\/script>\n<!-- \/ Yoast SEO Premium plugin. -->","yoast_head_json":{"title":"After a tooth extraction - Halo dentisterie","description":"Apr\u00e8s l\u2019extraction d\u2019une dentPour acc\u00e9l\u00e9rer le processus de gu\u00e9rison, veuillez appliquer les mesures sugg\u00e9r\u00e9es ci-dessous. Veuillez toutefois garder en m\u00e9moire qu\u2019il est tout \u00e0 fait normal de ressentir un certain inconfort d\u2019avoir le bas du visage enfl\u00e9 apr\u00e8s l\u2019extraction d\u2019une dent.Jour de la chirurgie garder les compresses en bouche pendant","robots":{"index":"index","follow":"follow","max-snippet":"max-snippet:-1","max-image-preview":"max-image-preview:large","max-video-preview":"max-video-preview:-1"},"canonical":"https:\/\/halodentisterie.com\/en\/after-a-tooth-extraction\/","og_locale":"en_US","og_type":"article","og_title":"After a tooth extraction","og_url":"https:\/\/halodentisterie.com\/en\/after-a-tooth-extraction\/","og_site_name":"Halo Dentisterie","article_modified_time":"2023-03-13T16:58:01+00:00","twitter_card":"summary_large_image","schema":{"@context":"https:\/\/schema.org","@graph":[{"@type":"WebPage","@id":"https:\/\/halodentisterie.com\/en\/after-a-tooth-extraction\/","url":"https:\/\/halodentisterie.com\/en\/after-a-tooth-extraction\/","name":"After a tooth extraction - Halo dentisterie","isPartOf":{"@id":"https:\/\/halodentisterie.com\/en\/#website"},"datePublished":"2022-12-27T16:32:14+00:00","dateModified":"2023-03-13T16:58:01+00:00","description":"Apr\u00e8s l\u2019extraction d\u2019une dentPour acc\u00e9l\u00e9rer le processus de gu\u00e9rison, veuillez appliquer les mesures sugg\u00e9r\u00e9es ci-dessous. Veuillez toutefois garder en m\u00e9moire qu\u2019il est tout \u00e0 fait normal de ressentir un certain inconfort d\u2019avoir le bas du visage enfl\u00e9 apr\u00e8s l\u2019extraction d\u2019une dent.Jour de la chirurgie garder les compresses en bouche pendant","inLanguage":"en-US","potentialAction":[{"@type":"ReadAction","target":["https:\/\/halodentisterie.com\/en\/after-a-tooth-extraction\/"]}]},{"@type":"WebSite","@id":"https:\/\/halodentisterie.com\/en\/#website","url":"https:\/\/halodentisterie.com\/en\/","name":"Halo Dentisterie","description":"","potentialAction":[{"@type":"SearchAction","target":{"@type":"EntryPoint","urlTemplate":"https:\/\/halodentisterie.com\/en\/?s={search_term_string}"},"query-input":{"@type":"PropertyValueSpecification","valueRequired":true,"valueName":"search_term_string"}}],"inLanguage":"en-US"}]}},"_links":{"self":[{"href":"https:\/\/halodentisterie.com\/en\/wp-json\/wp\/v2\/pages\/5848","targetHints":{"allow":["GET"]}}],"collection":[{"href":"https:\/\/halodentisterie.com\/en\/wp-json\/wp\/v2\/pages"}],"about":[{"href":"https:\/\/halodentisterie.com\/en\/wp-json\/wp\/v2\/types\/page"}],"author":[{"embeddable":true,"href":"https:\/\/halodentisterie.com\/en\/wp-json\/wp\/v2\/users\/1"}],"replies":[{"embeddable":true,"href":"https:\/\/halodentisterie.com\/en\/wp-json\/wp\/v2\/comments?post=5848"}],"version-history":[{"count":45,"href":"https:\/\/halodentisterie.com\/en\/wp-json\/wp\/v2\/pages\/5848\/revisions"}],"predecessor-version":[{"id":7410,"href":"https:\/\/halodentisterie.com\/en\/wp-json\/wp\/v2\/pages\/5848\/revisions\/7410"}],"wp:attachment":[{"href":"https:\/\/halodentisterie.com\/en\/wp-json\/wp\/v2\/media?parent=5848"}],"wp:term":[{"taxonomy":"page-category","embeddable":true,"href":"https:\/\/halodentisterie.com\/en\/wp-json\/wp\/v2\/page-category?post=5848"}],"curies":[{"name":"wp","href":"https:\/\/api.w.org\/{rel}","templated":true}]}}